{"id":25,"date":"2019-09-26T16:41:35","date_gmt":"2019-09-26T14:41:35","guid":{"rendered":"http:\/\/web-electronlibre.fr\/?page_id=25"},"modified":"2023-01-24T16:27:36","modified_gmt":"2023-01-24T15:27:36","slug":"ne-jetez-plus-faites-reparer","status":"publish","type":"page","link":"http:\/\/web-electronlibre.fr\/","title":{"rendered":"Accueil"},"content":{"rendered":"\n<h2 class=\"has-text-align-center\">Ne jetez plus \u2026 faites r\u00e9parer<\/h2>\n\n\n\n<p class=\"has-text-align-left\"><strong>V<\/strong>ous poss\u00e9dez un appareil \u00e9lectrique ou \u00e9lectronique hors service ? n&#8217;h\u00e9sitez plus. <\/p>\n\n\n\n<p><strong>I<\/strong>ng\u00e9nieur en \u00e9lectronique, je vous propose la r\u00e9paration de vos appareils \u00e9lectriques et \u00e9lectroniques petits ou grands (ampli HI-FI, TV, TSF, onduleur, cl\u00f4ture \u00e9lectrique, volet roulant, poste \u00e0 souder \u2026).<\/p>\n\n\n\n<p><strong>V<\/strong>ous pouvez voir des exemples de diff\u00e9rentes r\u00e9parations r\u00e9alis\u00e9es sur cette <a href=\"http:\/\/web-electronlibre.fr\/?page_id=190\">page<\/a>.<\/p>\n\n\n\n<p><strong>D<\/strong>evis gratuit ! Sans engagement.<\/p>\n\n\n\n<div class=\"wp-block-image\"><figure class=\"aligncenter\"><a href=\"http:\/\/www.reparacteurs-occitanie.fr\/fr\/\" target=\"_blank\" rel=\"noopener noreferrer\"><img decoding=\"async\" loading=\"lazy\" width=\"194\" height=\"136\" src=\"http:\/\/web-electronlibre.fr\/wp-content\/uploads\/2019\/12\/reparacteurs-logo-1-e1575985567775.jpg\" alt=\"reparacteur\" class=\"wp-image-282\"><\/a><\/figure><\/div>\n\n\n\n<p><a href=\"https:\/\/www.jesuisreparateur.fr\">https:\/\/www.jesuisreparateur.fr<\/a><\/p>\n\n\n\n<p><a href=\"https:\/\/www.maitrebricoleur.fr\">https:\/\/www.maitrebricoleur.fr<\/a><\/p>\n","protected":false},"excerpt":{"rendered":"<p>Ne jetez plus \u2026 faites r\u00e9parer Vous poss\u00e9dez un appareil \u00e9lectrique ou \u00e9lectronique hors service ? n&#8217;h\u00e9sitez plus. Ing\u00e9nieur en \u00e9lectronique, je vous propose la r\u00e9paration de vos appareils \u00e9lectriques et \u00e9lectroniques petits ou grands (ampli HI-FI, TV, TSF, onduleur,&#8230;<\/p>\n","protected":false},"author":1,"featured_media":0,"parent":0,"menu_order":0,"comment_status":"closed","ping_status":"closed","template":"","meta":{"_mi_skip_tracking":false,"_monsterinsights_sitenote_active":false,"_monsterinsights_sitenote_note":"","_monsterinsights_sitenote_category":0},"aioseo_notices":[],"_links":{"self":[{"href":"http:\/\/web-electronlibre.fr\/index.php?rest_route=\/wp\/v2\/pages\/25"}],"collection":[{"href":"http:\/\/web-electronlibre.fr\/index.php?rest_route=\/wp\/v2\/pages"}],"about":[{"href":"http:\/\/web-electronlibre.fr\/index.php?rest_route=\/wp\/v2\/types\/page"}],"author":[{"embeddable":true,"href":"http:\/\/web-electronlibre.fr\/index.php?rest_route=\/wp\/v2\/users\/1"}],"replies":[{"embeddable":true,"href":"http:\/\/web-electronlibre.fr\/index.php?rest_route=%2Fwp%2Fv2%2Fcomments&post=25"}],"version-history":[{"count":38,"href":"http:\/\/web-electronlibre.fr\/index.php?rest_route=\/wp\/v2\/pages\/25\/revisions"}],"predecessor-version":[{"id":2412,"href":"http:\/\/web-electronlibre.fr\/index.php?rest_route=\/wp\/v2\/pages\/25\/revisions\/2412"}],"wp:attachment":[{"href":"http:\/\/web-electronlibre.fr\/index.php?rest_route=%2Fwp%2Fv2%2Fmedia&parent=25"}],"curies":[{"name":"wp","href":"https:\/\/api.w.org\/{rel}","templated":true}]}}